{"id":13413,"date":"2013-03-05T22:45:02","date_gmt":"2013-03-05T21:45:02","guid":{"rendered":"http:\/\/www.tallbacken.net\/porslinsbloggen\/?page_id=13413"},"modified":"2020-10-28T09:41:14","modified_gmt":"2020-10-28T08:41:14","slug":"reijmyre","status":"publish","type":"page","link":"http:\/\/www.porslinsbloggen.se\/?page_id=13413","title":{"rendered":"Reijmyre glasbruk"},"content":{"rendered":"<p>Reijmyre glasbruk, grundat 1810, \u00e4r Sveriges tredje \u00e4ldsta glasbruk som fortfarande \u00e4r i drift. Glasbruket ligger i Kolm\u00e5rdens nordv\u00e4stligaste del i Finsp\u00e5ngs kommun, \u00d6sterg\u00f6tland.<\/p>\n<p>K\u00e4nda formgivare p\u00e5 glasbruket \u00e4r\/var:<\/p>\n<p>Edvin Ollers, 1919 &#8211; 1924<br \/>\nBj\u00f6rn Tr\u00e4dg\u00e5rdh, 1937<br \/>\nMonica Bratt, 1937 &#8211; 1958<br \/>\nPaul Kedelv, 1956 &#8211; 1976<br \/>\nTyko Axelsson, 1957 &#8211; 1981<br \/>\nJohnny Mattson, 1954 &#8211; 1958<br \/>\nTom M\u00f6ller, 1960 &#8211; 1967<br \/>\nMargareta Hennix, 1993 &#8211;<\/p>\n","protected":false},"excerpt":{"rendered":"<p>Reijmyre glasbruk, grundat 1810, \u00e4r Sveriges tredje \u00e4ldsta glasbruk som fortfarande \u00e4r i drift. Glasbruket ligger i Kolm\u00e5rdens nordv\u00e4stligaste del i Finsp\u00e5ngs kommun, \u00d6sterg\u00f6tland. K\u00e4nda formgivare p\u00e5 glasbruket \u00e4r\/var: Edvin Ollers, 1919 &#8211; 1924 Bj\u00f6rn Tr\u00e4dg\u00e5rdh, 1937 Monica Bratt, 1937 &hellip; <a href=\"http:\/\/www.porslinsbloggen.se\/?page_id=13413\">Forts\u00e4tt l\u00e4sa <span class=\"meta-nav\">&rarr;<\/span><\/a><\/p>\n","protected":false},"author":1,"featured_media":0,"parent":4988,"menu_order":0,"comment_status":"open","ping_status":"open","template":"","meta":{"jetpack_post_was_ever_published":false,"footnotes":""},"class_list":["post-13413","page","type-page","status-publish","hentry"],"jetpack_sharing_enabled":true,"jetpack_shortlink":"https:\/\/wp.me\/P2yXZf-3ul","jetpack_likes_enabled":true,"_links":{"self":[{"href":"http:\/\/www.porslinsbloggen.se\/index.php?rest_route=\/wp\/v2\/pages\/13413","targetHints":{"allow":["GET"]}}],"collection":[{"href":"http:\/\/www.porslinsbloggen.se\/index.php?rest_route=\/wp\/v2\/pages"}],"about":[{"href":"http:\/\/www.porslinsbloggen.se\/index.php?rest_route=\/wp\/v2\/types\/page"}],"author":[{"embeddable":true,"href":"http:\/\/www.porslinsbloggen.se\/index.php?rest_route=\/wp\/v2\/users\/1"}],"replies":[{"embeddable":true,"href":"http:\/\/www.porslinsbloggen.se\/index.php?rest_route=%2Fwp%2Fv2%2Fcomments&post=13413"}],"version-history":[{"count":5,"href":"http:\/\/www.porslinsbloggen.se\/index.php?rest_route=\/wp\/v2\/pages\/13413\/revisions"}],"predecessor-version":[{"id":23459,"href":"http:\/\/www.porslinsbloggen.se\/index.php?rest_route=\/wp\/v2\/pages\/13413\/revisions\/23459"}],"up":[{"embeddable":true,"href":"http:\/\/www.porslinsbloggen.se\/index.php?rest_route=\/wp\/v2\/pages\/4988"}],"wp:attachment":[{"href":"http:\/\/www.porslinsbloggen.se\/index.php?rest_route=%2Fwp%2Fv2%2Fmedia&parent=13413"}],"curies":[{"name":"wp","href":"https:\/\/api.w.org\/{rel}","templated":true}]}}